{"id":2436,"date":"2025-09-05T15:24:01","date_gmt":"2025-09-05T18:24:01","guid":{"rendered":"https:\/\/nunesgestao.com.br\/novo\/?page_id=2436"},"modified":"2025-09-05T15:24:01","modified_gmt":"2025-09-05T18:24:01","slug":"qualidades-administrativas-da-nunes-gestao-condominial","status":"publish","type":"page","link":"https:\/\/nunesgestao.com.br\/novo\/qualidades-administrativas-da-nunes-gestao-condominial\/","title":{"rendered":"Qualidades administrativas da Nunes Gest\u00e3o Condominial"},"content":{"rendered":"<p>[vc_row css=&#8221;.vc_custom_1560793098479{padding-bottom: 50px !important;}&#8221;][vc_column]<div id=\"ultimate-heading-575969d735ae99737\" class=\"uvc-heading ult-adjust-bottom-margin ultimate-heading-575969d735ae99737 uvc-1460  uvc-heading-default-font-sizes\" data-hspacer=\"no_spacer\"  data-halign=\"center\" style=\"text-align:center\"><div class=\"uvc-heading-spacer no_spacer\" style=\"top\"><\/div><div class=\"uvc-main-heading ult-responsive\"  data-ultimate-target='.uvc-heading.ultimate-heading-575969d735ae99737 h2'  data-responsive-json-new='{\"font-size\":\"\",\"line-height\":\"\"}' ><h2 style=\"font-weight:bold;margin-bottom:10px;\">Qualidades administrativas da Nunes Gest\u00e3o Condominial<\/h2><\/div><\/div>[\/vc_column][\/vc_row][vc_row][vc_column][vc_column_text][\/vc_column_text][vc_empty_space][\/vc_column][\/vc_row][vc_row css=&#8221;.vc_custom_1560787254950{padding-bottom: 40px !important;}&#8221;][vc_column]<div class=\"standard-number-list bullet-top\"><ul>\n<li>Assessoria Especializada: A empresa atua como uma consultora, auxiliando s\u00edndicos e associa\u00e7\u00f5es em suas demandas e na tomada de decis\u00f5es. Eles oferecem suporte para quest\u00f5es complexas, como a aplica\u00e7\u00e3o de novas leis.<\/li>\n<li>Especialista em Conformidade Legal: A Nunes Gest\u00e3o Condominial se destaca por manter a administra\u00e7\u00e3o do condom\u00ednio sempre atualizada com as obriga\u00e7\u00f5es fiscais, tribut\u00e1rias e cont\u00e1beis, garantindo que todas as exig\u00eancias (como DIRF, e-Social e DCTFWeb) sejam cumpridas.<\/li>\n<li>Seguran\u00e7a na Gest\u00e3o: Ao prestar assessoria completa e especializada, a empresa oferece seguran\u00e7a e tranquilidade aos s\u00edndicos e administradores, ajudando a evitar multas, autua\u00e7\u00f5es fiscais e problemas legais decorrentes do n\u00e3o cumprimento das obriga\u00e7\u00f5es.<\/li>\n<li>Acompanhamento da Legisla\u00e7\u00e3o: A empresa demonstra conhecimento aprofundado sobre as leis que impactam a gest\u00e3o de condom\u00ednios, como a Lei n\u00ba 14.309\/2022, e orienta os clientes sobre a correta aplica\u00e7\u00e3o de ferramentas como as assembleias virtuais e em sess\u00e3o permanente.<\/li>\n<\/ul>\n<\/div>[\/vc_column][\/vc_row][vc_row bg_type=&#8221;image&#8221; parallax_style=&#8221;vcpb-vz-jquery&#8221; bg_image_new=&#8221;id^1350|url^https:\/\/nunesgestao.com.br\/novo\/wp-content\/uploads\/2018\/12\/t-img047.jpg|caption^null|alt^null|title^t-img047|description^null&#8221; bg_override=&#8221;ex-full&#8221; fadeout_row=&#8221;fadeout_row_value&#8221; fadeout_start_effect=&#8221;30&#8243; enable_overlay=&#8221;enable_overlay_value&#8221; overlay_color=&#8221;rgba(38,45,55,0.5)&#8221; seperator_enable=&#8221;seperator_enable_value&#8221; seperator_type=&#8221;tilt_left_seperator&#8221; seperator_position=&#8221;top_bottom_seperator&#8221; seperator_svg_height=&#8221;100&#8243;][vc_column css=&#8221;.vc_custom_1560418610056{padding-top: 150px !important;padding-bottom: 150px !important;}&#8221; offset=&#8221;vc_col-lg-offset-2 vc_col-lg-8&#8243;]<div id=\"ultimate-heading-463669d735ae9982f\" class=\"uvc-heading ult-adjust-bottom-margin ultimate-heading-463669d735ae9982f uvc-877 accent-subtitle-color uvc-heading-default-font-sizes\" data-hspacer=\"no_spacer\"  data-halign=\"center\" style=\"text-align:center\"><div class=\"uvc-heading-spacer no_spacer\" style=\"top\"><\/div><div class=\"uvc-main-heading ult-responsive\"  data-ultimate-target='.uvc-heading.ultimate-heading-463669d735ae9982f h3'  data-responsive-json-new='{\"font-size\":\"\",\"line-height\":\"\"}' ><h3 style=\"font-weight:bold;color:#ffffff;margin-bottom:15px;\">Gest\u00e3o \u00e9 mais do que administrar espa\u00e7os: \u00e9 construir confian\u00e7a, inspirar colabora\u00e7\u00e3o e transformar comunidades.<\/h3><\/div><div class=\"uvc-sub-heading ult-responsive\"  data-ultimate-target='.uvc-heading.ultimate-heading-463669d735ae9982f .uvc-sub-heading '  data-responsive-json-new='{\"font-size\":\"desktop:24px;\",\"line-height\":\"desktop:34px;\"}'  style=\"font-weight:bold;color:#262d37;\">&#8211; Nunes Gest\u00e3o Condominial &#8211;<\/div><\/div>[\/vc_column][\/vc_row][vc_row][vc_column][\/vc_column][\/vc_row][vc_row][vc_column]<style type=\"text\/css\" data-type=\"the7_shortcodes-inline-css\">.gallery-shortcode.gallery-masonry-shortcode-id-8bbe210685a58f609f743da67fa3ff50 figure,\n.gallery-shortcode.gallery-masonry-shortcode-id-8bbe210685a58f609f743da67fa3ff50 .rollover,\n.gallery-shortcode.gallery-masonry-shortcode-id-8bbe210685a58f609f743da67fa3ff50 img,\n.gallery-shortcode.gallery-masonry-shortcode-id-8bbe210685a58f609f743da67fa3ff50 .gallery-rollover {\n  border-radius: 0px;\n}\n.gallery-shortcode.gallery-masonry-shortcode-id-8bbe210685a58f609f743da67fa3ff50.enable-bg-rollover .gallery-rollover {\n  background: -webkit-linear-gradient();\n  background: linear-gradient();\n}\n.gallery-shortcode.gallery-masonry-shortcode-id-8bbe210685a58f609f743da67fa3ff50.enable-bg-rollover.hover-scale figure .rollover:after {\n  background: -webkit-linear-gradient();\n  background: linear-gradient();\n}\n.gallery-shortcode.gallery-masonry-shortcode-id-8bbe210685a58f609f743da67fa3ff50 .gallery-zoom-ico {\n  width: 44px;\n  height: 44px;\n  line-height: 44px;\n  border-radius: 100px;\n  margin: -22px 0 0 -22px;\n  border-width: 0px;\n  color: #ffffff;\n}\n.dt-icon-bg-on.gallery-shortcode.gallery-masonry-shortcode-id-8bbe210685a58f609f743da67fa3ff50 .gallery-zoom-ico {\n  background: rgba(255,255,255,0.3);\n  box-shadow: none;\n}\n.gallery-shortcode.gallery-masonry-shortcode-id-8bbe210685a58f609f743da67fa3ff50 .gallery-zoom-ico:before,\n.gallery-shortcode.gallery-masonry-shortcode-id-8bbe210685a58f609f743da67fa3ff50 .gallery-zoom-ico span {\n  font-size: 32px;\n  line-height: 44px;\n  color: #ffffff;\n}\n.gallery-shortcode.gallery-masonry-shortcode-id-8bbe210685a58f609f743da67fa3ff50:not(.resize-by-browser-width) .dt-css-grid {\n  grid-row-gap: 10px;\n  grid-column-gap: 10px;\n  grid-template-columns: repeat(auto-fill,minmax(,1fr));\n}\n.gallery-shortcode.gallery-masonry-shortcode-id-8bbe210685a58f609f743da67fa3ff50:not(.resize-by-browser-width) .dt-css-grid .double-width {\n  grid-column: span 2;\n}\n.cssgridlegacy.no-cssgrid .gallery-shortcode.gallery-masonry-shortcode-id-8bbe210685a58f609f743da67fa3ff50:not(.resize-by-browser-width) .dt-css-grid,\n.no-cssgridlegacy.no-cssgrid .gallery-shortcode.gallery-masonry-shortcode-id-8bbe210685a58f609f743da67fa3ff50:not(.resize-by-browser-width) .dt-css-grid {\n  display: flex;\n  flex-flow: row wrap;\n  margin: -5px;\n}\n.cssgridlegacy.no-cssgrid .gallery-shortcode.gallery-masonry-shortcode-id-8bbe210685a58f609f743da67fa3ff50:not(.resize-by-browser-width) .dt-css-grid .wf-cell,\n.no-cssgridlegacy.no-cssgrid .gallery-shortcode.gallery-masonry-shortcode-id-8bbe210685a58f609f743da67fa3ff50:not(.resize-by-browser-width) .dt-css-grid .wf-cell {\n  flex: 1 0 ;\n  max-width: 100%;\n  padding: 5px;\n  box-sizing: border-box;\n}\n.gallery-shortcode.gallery-masonry-shortcode-id-8bbe210685a58f609f743da67fa3ff50.resize-by-browser-width .dt-css-grid {\n  grid-template-columns: repeat(6,1fr);\n  grid-template-rows: auto;\n  grid-column-gap: 10px;\n  grid-row-gap: 10px;\n}\n.gallery-shortcode.gallery-masonry-shortcode-id-8bbe210685a58f609f743da67fa3ff50.resize-by-browser-width .dt-css-grid .double-width {\n  grid-column: span 2;\n}\n.cssgridlegacy.no-cssgrid .gallery-shortcode.gallery-masonry-shortcode-id-8bbe210685a58f609f743da67fa3ff50.resize-by-browser-width .dt-css-grid {\n  margin: -5px;\n}\n.cssgridlegacy.no-cssgrid .gallery-shortcode.gallery-masonry-shortcode-id-8bbe210685a58f609f743da67fa3ff50.resize-by-browser-width .dt-css-grid .wf-cell {\n  width: 16.666666666667%;\n  padding: 5px;\n}\n.cssgridlegacy.no-cssgrid .gallery-shortcode.gallery-masonry-shortcode-id-8bbe210685a58f609f743da67fa3ff50.resize-by-browser-width .dt-css-grid .wf-cell.double-width {\n  width: calc(16.666666666667%) * 2;\n}\n.gallery-shortcode.gallery-masonry-shortcode-id-8bbe210685a58f609f743da67fa3ff50.resize-by-browser-width:not(.centered-layout-list):not(.content-bg-on) .dt-css-grid {\n  grid-row-gap: 10px - ;\n}\n@media screen and (max-width: 1199px) {\n  .gallery-shortcode.gallery-masonry-shortcode-id-8bbe210685a58f609f743da67fa3ff50.resize-by-browser-width .dt-css-grid {\n    grid-template-columns: repeat(4,1fr);\n  }\n  .cssgridlegacy.no-cssgrid .gallery-shortcode.gallery-masonry-shortcode-id-8bbe210685a58f609f743da67fa3ff50.resize-by-browser-width .dt-css-grid .wf-cell,\n  .no-cssgridlegacy.no-cssgrid .gallery-shortcode.gallery-masonry-shortcode-id-8bbe210685a58f609f743da67fa3ff50.resize-by-browser-width .dt-css-grid .wf-cell {\n    width: 25%;\n  }\n  .cssgridlegacy.no-cssgrid .gallery-shortcode.gallery-masonry-shortcode-id-8bbe210685a58f609f743da67fa3ff50.resize-by-browser-width .dt-css-grid .wf-cell.double-width,\n  .no-cssgridlegacy.no-cssgrid .gallery-shortcode.gallery-masonry-shortcode-id-8bbe210685a58f609f743da67fa3ff50.resize-by-browser-width .dt-css-grid .wf-cell.double-width {\n    width: calc(25%)*2;\n  }\n}\n@media screen and (max-width: 991px) {\n  .gallery-shortcode.gallery-masonry-shortcode-id-8bbe210685a58f609f743da67fa3ff50.resize-by-browser-width .dt-css-grid {\n    grid-template-columns: repeat(3,1fr);\n  }\n  .cssgridlegacy.no-cssgrid .gallery-shortcode.gallery-masonry-shortcode-id-8bbe210685a58f609f743da67fa3ff50.resize-by-browser-width .dt-css-grid .wf-cell,\n  .no-cssgridlegacy.no-cssgrid .gallery-shortcode.gallery-masonry-shortcode-id-8bbe210685a58f609f743da67fa3ff50.resize-by-browser-width .dt-css-grid .wf-cell {\n    width: 33.333333333333%;\n  }\n  .cssgridlegacy.no-cssgrid .gallery-shortcode.gallery-masonry-shortcode-id-8bbe210685a58f609f743da67fa3ff50.resize-by-browser-width .dt-css-grid .wf-cell.double-width,\n  .no-cssgridlegacy.no-cssgrid .gallery-shortcode.gallery-masonry-shortcode-id-8bbe210685a58f609f743da67fa3ff50.resize-by-browser-width .dt-css-grid .wf-cell.double-width {\n    width: calc(33.333333333333%)*2;\n  }\n}\n@media screen and (max-width: 767px) {\n  .gallery-shortcode.gallery-masonry-shortcode-id-8bbe210685a58f609f743da67fa3ff50.resize-by-browser-width .dt-css-grid {\n    grid-template-columns: repeat(2,1fr);\n  }\n  .cssgridlegacy.no-cssgrid .gallery-shortcode.gallery-masonry-shortcode-id-8bbe210685a58f609f743da67fa3ff50.resize-by-browser-width .dt-css-grid .wf-cell,\n  .no-cssgridlegacy.no-cssgrid .gallery-shortcode.gallery-masonry-shortcode-id-8bbe210685a58f609f743da67fa3ff50.resize-by-browser-width .dt-css-grid .wf-cell {\n    width: 50%;\n  }\n  .cssgridlegacy.no-cssgrid .gallery-shortcode.gallery-masonry-shortcode-id-8bbe210685a58f609f743da67fa3ff50.resize-by-browser-width .dt-css-grid .wf-cell.double-width,\n  .no-cssgridlegacy.no-cssgrid .gallery-shortcode.gallery-masonry-shortcode-id-8bbe210685a58f609f743da67fa3ff50.resize-by-browser-width .dt-css-grid .wf-cell.double-width {\n    width: calc(50%)*2;\n  }\n}\n<\/style><div class=\"gallery-shortcode dt-gallery-container gallery-masonry-shortcode-id-8bbe210685a58f609f743da67fa3ff50 mode-masonry jquery-filter dt-icon-bg-off quick-scale-img enable-bg-rollover resize-by-browser-width  hover-fade loading-effect-none description-on-hover\" data-padding=\"5px\" data-cur-page=\"1\" data-post-limit=\"-1\" data-pagination-mode=\"none\" data-desktop-columns-num=\"6\" data-v-tablet-columns-num=\"3\" data-h-tablet-columns-num=\"4\" data-phone-columns-num=\"2\" data-width=\"0px\" data-columns=\"0\"><div class=\"iso-container\" ><\/div><!-- iso-container|iso-grid --><\/div>[\/vc_column][\/vc_row][vc_row][vc_column][\/vc_column][\/vc_row][vc_row][vc_column][vc_btn title=&#8221;Fale com nossos especialistas!&#8221; color=&#8221;primary&#8221; size=&#8221;lg&#8221; align=&#8221;center&#8221; css_animation=&#8221;bounceInDown&#8221; link=&#8221;url:https%3A%2F%2Fwa.me%2F5511983524181&#8243; css=&#8221;.vc_custom_1756249790920{margin-top: 25px !important;}&#8221;][\/vc_column][\/vc_row]<\/p>\n","protected":false},"excerpt":{"rendered":"<p>[vc_row css=&#8221;.vc_custom_1560793098479{padding-bottom: 50px !important;}&#8221;][vc_column][\/vc_column][\/vc_row][vc_row][vc_column][vc_column_text][\/vc_column_text][vc_empty_space][\/vc_column][\/vc_row][vc_row css=&#8221;.vc_custom_1560787254950{padding-bottom: 40px !important;}&#8221;][vc_column][\/vc_column][\/vc_row][vc_row bg_type=&#8221;image&#8221; parallax_style=&#8221;vcpb-vz-jquery&#8221; bg_image_new=&#8221;id^1350|url^https:\/\/nunesgestao.com.br\/novo\/wp-content\/uploads\/2018\/12\/t-img047.jpg|caption^null|alt^null|title^t-img047|description^null&#8221; bg_override=&#8221;ex-full&#8221; fadeout_row=&#8221;fadeout_row_value&#8221; fadeout_start_effect=&#8221;30&#8243; enable_overlay=&#8221;enable_overlay_value&#8221; overlay_color=&#8221;rgba(38,45,55,0.5)&#8221; seperator_enable=&#8221;seperator_enable_value&#8221; seperator_type=&#8221;tilt_left_seperator&#8221; seperator_position=&#8221;top_bottom_seperator&#8221; seperator_svg_height=&#8221;100&#8243;][vc_column css=&#8221;.vc_custom_1560418610056{padding-top: 150px !important;padding-bottom: 150px !important;}&#8221; offset=&#8221;vc_col-lg-offset-2 vc_col-lg-8&#8243;][\/vc_column][\/vc_row][vc_row][vc_column][\/vc_column][\/vc_row][vc_row][vc_column][\/vc_column][\/vc_row][vc_row][vc_column][\/vc_column][\/vc_row][vc_row][vc_column][vc_btn title=&#8221;Fale com nossos especialistas!&#8221; color=&#8221;primary&#8221; size=&#8221;lg&#8221; align=&#8221;center&#8221; css_animation=&#8221;bounceInDown&#8221; link=&#8221;url:https%3A%2F%2Fwa.me%2F5511983524181&#8243; css=&#8221;.vc_custom_1756249790920{margin-top: 25px !important;}&#8221;][\/vc_column][\/vc_row]<\/p>\n","protected":false},"author":1,"featured_media":0,"parent":0,"menu_order":10,"comment_status":"closed","ping_status":"closed","template":"","meta":{"om_disable_all_campaigns":false,"footnotes":""},"class_list":["post-2436","page","type-page","status-publish","hentry","description-off"],"_links":{"self":[{"href":"https:\/\/nunesgestao.com.br\/novo\/wp-json\/wp\/v2\/pages\/2436","targetHints":{"allow":["GET"]}}],"collection":[{"href":"https:\/\/nunesgestao.com.br\/novo\/wp-json\/wp\/v2\/pages"}],"about":[{"href":"https:\/\/nunesgestao.com.br\/novo\/wp-json\/wp\/v2\/types\/page"}],"author":[{"embeddable":true,"href":"https:\/\/nunesgestao.com.br\/novo\/wp-json\/wp\/v2\/users\/1"}],"replies":[{"embeddable":true,"href":"https:\/\/nunesgestao.com.br\/novo\/wp-json\/wp\/v2\/comments?post=2436"}],"version-history":[{"count":2,"href":"https:\/\/nunesgestao.com.br\/novo\/wp-json\/wp\/v2\/pages\/2436\/revisions"}],"predecessor-version":[{"id":2438,"href":"https:\/\/nunesgestao.com.br\/novo\/wp-json\/wp\/v2\/pages\/2436\/revisions\/2438"}],"wp:attachment":[{"href":"https:\/\/nunesgestao.com.br\/novo\/wp-json\/wp\/v2\/media?parent=2436"}],"curies":[{"name":"wp","href":"https:\/\/api.w.org\/{rel}","templated":true}]}}