{"id":247,"date":"2018-10-30T18:16:26","date_gmt":"2018-10-30T21:16:26","guid":{"rendered":"https:\/\/the7.io\/g-business\/?page_id=247"},"modified":"2025-09-05T15:16:46","modified_gmt":"2025-09-05T18:16:46","slug":"sobre","status":"publish","type":"page","link":"https:\/\/nunesgestao.com.br\/novo\/sobre\/","title":{"rendered":"Um pouco sobre a Nunes Gest\u00e3o"},"content":{"rendered":"<p>[vc_row css=&#8221;.vc_custom_1560793098479{padding-bottom: 50px !important;}&#8221;][vc_column]<div id=\"ultimate-heading-688269d73589a4e0e\" class=\"uvc-heading ult-adjust-bottom-margin ultimate-heading-688269d73589a4e0e uvc-785  uvc-heading-default-font-sizes\" data-hspacer=\"no_spacer\"  data-halign=\"center\" style=\"text-align:center\"><div class=\"uvc-heading-spacer no_spacer\" style=\"top\"><\/div><div class=\"uvc-main-heading ult-responsive\"  data-ultimate-target='.uvc-heading.ultimate-heading-688269d73589a4e0e h2'  data-responsive-json-new='{\"font-size\":\"\",\"line-height\":\"\"}' ><h2 style=\"font-weight:bold;margin-bottom:10px;\">Gest\u00e3o de condom\u00ednios sem dor de cabe\u00e7a.<\/h2><\/div><div class=\"uvc-sub-heading ult-responsive\"  data-ultimate-target='.uvc-heading.ultimate-heading-688269d73589a4e0e .uvc-sub-heading '  data-responsive-json-new='{\"font-size\":\"desktop:24px;\",\"line-height\":\"desktop:34px;\"}'  style=\"font-weight:bold;color:#93c248;\">Transpar\u00eancia nas contas, comunica\u00e7\u00e3o \u00e1gil e resultados para s\u00edndicos e cond\u00f4minos em <strong data-start=\"341\" data-end=\"361\">Jundia\u00ed e Regi\u00e3o<\/strong>.<\/div><\/div>[\/vc_column][\/vc_row][vc_row][vc_column][vc_column_text][\/vc_column_text][vc_empty_space][\/vc_column][\/vc_row][vc_row css=&#8221;.vc_custom_1560787254950{padding-bottom: 40px !important;}&#8221;][vc_column width=&#8221;1\/2&#8243;]<div class=\"standard-number-list bullet-top\"><ul data-start=\"893\" data-end=\"1330\">\n<li data-start=\"893\" data-end=\"974\">\n<p data-start=\"895\" data-end=\"974\"><strong data-start=\"895\" data-end=\"933\">Administra\u00e7\u00e3o condominial completa<\/strong> (operacional, financeira e jur\u00eddica*).<\/p>\n<\/li>\n<li data-start=\"975\" data-end=\"1075\">\n<p data-start=\"977\" data-end=\"1075\"><strong data-start=\"977\" data-end=\"1004\">Consultoria condominial<\/strong> (diagn\u00f3stico de gest\u00e3o, compliance, auditoria interna, implanta\u00e7\u00e3o).<\/p>\n<\/li>\n<li data-start=\"1076\" data-end=\"1123\">\n<p data-start=\"1078\" data-end=\"1123\"><strong data-start=\"1078\" data-end=\"1097\">Gest\u00e3o cont\u00e1bil<\/strong> dedicada a condom\u00ednios.<\/p>\n<\/li>\n<li data-start=\"1124\" data-end=\"1195\">\n<p data-start=\"1126\" data-end=\"1195\"><strong data-start=\"1126\" data-end=\"1153\">Gest\u00e3o de inadimpl\u00eancia<\/strong> com indicadores e acordos estruturados.<\/p>\n<\/li>\n<li data-start=\"1196\" data-end=\"1260\">\n<p data-start=\"1198\" data-end=\"1260\"><strong data-start=\"1198\" data-end=\"1225\">Departamento de compras<\/strong> com curadoria e SLAs de entrega.<\/p>\n<\/li>\n<li data-start=\"1261\" data-end=\"1330\">\n<p data-start=\"1263\" data-end=\"1330\"><strong data-start=\"1263\" data-end=\"1280\">Apoio t\u00e9cnico<\/strong> (processos, documenta\u00e7\u00e3o, assembleias, sistemas).<\/p>\n<\/li>\n<\/ul>\n<p data-start=\"1332\" data-end=\"1403\">* Assessoria jur\u00eddica via parceiros especializados (quando aplic\u00e1vel).<\/p>\n<\/div>[\/vc_column][vc_column width=&#8221;1\/2&#8243;]<div class=\"standard-arrow bullet-top\"><ol>\n<li value=\"7\"><strong>Encerra a opacidade<\/strong> com <strong>presta\u00e7\u00e3o de contas clara e online<\/strong>.<\/li>\n<li value=\"8\"><strong>Reduz conflitos<\/strong> com <strong>canais de comunica\u00e7\u00e3o<\/strong> e media\u00e7\u00e3o ativa.<\/li>\n<li value=\"9\"><strong>Corta desperd\u00edcios<\/strong> com <strong>compras centralizadas e negocia\u00e7\u00e3o com fornecedores<\/strong>.<\/li>\n<li value=\"10\"><strong>Diminui inadimpl\u00eancia<\/strong> com <strong>pol\u00edtica de cobran\u00e7a humanizada e eficaz<\/strong>.<\/li>\n<li value=\"11\"><strong>Evita surpresas<\/strong> com <strong>planejamento or\u00e7ament\u00e1rio e proje\u00e7\u00f5es de caixa<\/strong>.<\/li>\n<\/ol>\n<\/div>[\/vc_column][\/vc_row][vc_row bg_type=&#8221;image&#8221; parallax_style=&#8221;vcpb-vz-jquery&#8221; bg_image_new=&#8221;id^1350|url^https:\/\/nunesgestao.com.br\/novo\/wp-content\/uploads\/2018\/12\/t-img047.jpg|caption^null|alt^null|title^t-img047|description^null&#8221; bg_override=&#8221;ex-full&#8221; fadeout_row=&#8221;fadeout_row_value&#8221; fadeout_start_effect=&#8221;30&#8243; enable_overlay=&#8221;enable_overlay_value&#8221; overlay_color=&#8221;rgba(38,45,55,0.5)&#8221; seperator_enable=&#8221;seperator_enable_value&#8221; seperator_type=&#8221;tilt_left_seperator&#8221; seperator_position=&#8221;top_bottom_seperator&#8221; seperator_svg_height=&#8221;100&#8243;][vc_column css=&#8221;.vc_custom_1560418610056{padding-top: 150px !important;padding-bottom: 150px !important;}&#8221; offset=&#8221;vc_col-lg-offset-2 vc_col-lg-8&#8243;]<div id=\"ultimate-heading-383169d73589a4fc5\" class=\"uvc-heading ult-adjust-bottom-margin ultimate-heading-383169d73589a4fc5 uvc-925 accent-subtitle-color uvc-heading-default-font-sizes\" data-hspacer=\"no_spacer\"  data-halign=\"center\" style=\"text-align:center\"><div class=\"uvc-heading-spacer no_spacer\" style=\"top\"><\/div><div class=\"uvc-main-heading ult-responsive\"  data-ultimate-target='.uvc-heading.ultimate-heading-383169d73589a4fc5 h3'  data-responsive-json-new='{\"font-size\":\"\",\"line-height\":\"\"}' ><h3 style=\"font-weight:bold;color:#ffffff;margin-bottom:15px;\">O sucesso n\u00e3o \u00e9 apenas sobre o que voc\u00ea realiza em sua vida. \u00c9 sobre o que voc\u00ea inspira os outros a fazer.<\/h3><\/div><div class=\"uvc-sub-heading ult-responsive\"  data-ultimate-target='.uvc-heading.ultimate-heading-383169d73589a4fc5 .uvc-sub-heading '  data-responsive-json-new='{\"font-size\":\"desktop:24px;\",\"line-height\":\"desktop:34px;\"}'  style=\"font-weight:bold;color:#262d37;\">&#8211; Nunes Gest\u00e3o Condominial &#8211;<\/div><\/div>[\/vc_column][\/vc_row][vc_row][vc_column][vc_single_image image=&#8221;2374&#8243; img_size=&#8221;800&#215;800&#8243; alignment=&#8221;center&#8221;][\/vc_column][\/vc_row][vc_row][vc_column]<style type=\"text\/css\" data-type=\"the7_shortcodes-inline-css\">.gallery-shortcode.gallery-masonry-shortcode-id-8bbe210685a58f609f743da67fa3ff50 figure,\n.gallery-shortcode.gallery-masonry-shortcode-id-8bbe210685a58f609f743da67fa3ff50 .rollover,\n.gallery-shortcode.gallery-masonry-shortcode-id-8bbe210685a58f609f743da67fa3ff50 img,\n.gallery-shortcode.gallery-masonry-shortcode-id-8bbe210685a58f609f743da67fa3ff50 .gallery-rollover {\n  border-radius: 0px;\n}\n.gallery-shortcode.gallery-masonry-shortcode-id-8bbe210685a58f609f743da67fa3ff50.enable-bg-rollover .gallery-rollover {\n  background: -webkit-linear-gradient();\n  background: linear-gradient();\n}\n.gallery-shortcode.gallery-masonry-shortcode-id-8bbe210685a58f609f743da67fa3ff50.enable-bg-rollover.hover-scale figure .rollover:after {\n  background: -webkit-linear-gradient();\n  background: linear-gradient();\n}\n.gallery-shortcode.gallery-masonry-shortcode-id-8bbe210685a58f609f743da67fa3ff50 .gallery-zoom-ico {\n  width: 44px;\n  height: 44px;\n  line-height: 44px;\n  border-radius: 100px;\n  margin: -22px 0 0 -22px;\n  border-width: 0px;\n  color: #ffffff;\n}\n.dt-icon-bg-on.gallery-shortcode.gallery-masonry-shortcode-id-8bbe210685a58f609f743da67fa3ff50 .gallery-zoom-ico {\n  background: rgba(255,255,255,0.3);\n  box-shadow: none;\n}\n.gallery-shortcode.gallery-masonry-shortcode-id-8bbe210685a58f609f743da67fa3ff50 .gallery-zoom-ico:before,\n.gallery-shortcode.gallery-masonry-shortcode-id-8bbe210685a58f609f743da67fa3ff50 .gallery-zoom-ico span {\n  font-size: 32px;\n  line-height: 44px;\n  color: #ffffff;\n}\n.gallery-shortcode.gallery-masonry-shortcode-id-8bbe210685a58f609f743da67fa3ff50:not(.resize-by-browser-width) .dt-css-grid {\n  grid-row-gap: 10px;\n  grid-column-gap: 10px;\n  grid-template-columns: repeat(auto-fill,minmax(,1fr));\n}\n.gallery-shortcode.gallery-masonry-shortcode-id-8bbe210685a58f609f743da67fa3ff50:not(.resize-by-browser-width) .dt-css-grid .double-width {\n  grid-column: span 2;\n}\n.cssgridlegacy.no-cssgrid .gallery-shortcode.gallery-masonry-shortcode-id-8bbe210685a58f609f743da67fa3ff50:not(.resize-by-browser-width) .dt-css-grid,\n.no-cssgridlegacy.no-cssgrid .gallery-shortcode.gallery-masonry-shortcode-id-8bbe210685a58f609f743da67fa3ff50:not(.resize-by-browser-width) .dt-css-grid {\n  display: flex;\n  flex-flow: row wrap;\n  margin: -5px;\n}\n.cssgridlegacy.no-cssgrid .gallery-shortcode.gallery-masonry-shortcode-id-8bbe210685a58f609f743da67fa3ff50:not(.resize-by-browser-width) .dt-css-grid .wf-cell,\n.no-cssgridlegacy.no-cssgrid .gallery-shortcode.gallery-masonry-shortcode-id-8bbe210685a58f609f743da67fa3ff50:not(.resize-by-browser-width) .dt-css-grid .wf-cell {\n  flex: 1 0 ;\n  max-width: 100%;\n  padding: 5px;\n  box-sizing: border-box;\n}\n.gallery-shortcode.gallery-masonry-shortcode-id-8bbe210685a58f609f743da67fa3ff50.resize-by-browser-width .dt-css-grid {\n  grid-template-columns: repeat(6,1fr);\n  grid-template-rows: auto;\n  grid-column-gap: 10px;\n  grid-row-gap: 10px;\n}\n.gallery-shortcode.gallery-masonry-shortcode-id-8bbe210685a58f609f743da67fa3ff50.resize-by-browser-width .dt-css-grid .double-width {\n  grid-column: span 2;\n}\n.cssgridlegacy.no-cssgrid .gallery-shortcode.gallery-masonry-shortcode-id-8bbe210685a58f609f743da67fa3ff50.resize-by-browser-width .dt-css-grid {\n  margin: -5px;\n}\n.cssgridlegacy.no-cssgrid .gallery-shortcode.gallery-masonry-shortcode-id-8bbe210685a58f609f743da67fa3ff50.resize-by-browser-width .dt-css-grid .wf-cell {\n  width: 16.666666666667%;\n  padding: 5px;\n}\n.cssgridlegacy.no-cssgrid .gallery-shortcode.gallery-masonry-shortcode-id-8bbe210685a58f609f743da67fa3ff50.resize-by-browser-width .dt-css-grid .wf-cell.double-width {\n  width: calc(16.666666666667%) * 2;\n}\n.gallery-shortcode.gallery-masonry-shortcode-id-8bbe210685a58f609f743da67fa3ff50.resize-by-browser-width:not(.centered-layout-list):not(.content-bg-on) .dt-css-grid {\n  grid-row-gap: 10px - ;\n}\n@media screen and (max-width: 1199px) {\n  .gallery-shortcode.gallery-masonry-shortcode-id-8bbe210685a58f609f743da67fa3ff50.resize-by-browser-width .dt-css-grid {\n    grid-template-columns: repeat(4,1fr);\n  }\n  .cssgridlegacy.no-cssgrid .gallery-shortcode.gallery-masonry-shortcode-id-8bbe210685a58f609f743da67fa3ff50.resize-by-browser-width .dt-css-grid .wf-cell,\n  .no-cssgridlegacy.no-cssgrid .gallery-shortcode.gallery-masonry-shortcode-id-8bbe210685a58f609f743da67fa3ff50.resize-by-browser-width .dt-css-grid .wf-cell {\n    width: 25%;\n  }\n  .cssgridlegacy.no-cssgrid .gallery-shortcode.gallery-masonry-shortcode-id-8bbe210685a58f609f743da67fa3ff50.resize-by-browser-width .dt-css-grid .wf-cell.double-width,\n  .no-cssgridlegacy.no-cssgrid .gallery-shortcode.gallery-masonry-shortcode-id-8bbe210685a58f609f743da67fa3ff50.resize-by-browser-width .dt-css-grid .wf-cell.double-width {\n    width: calc(25%)*2;\n  }\n}\n@media screen and (max-width: 991px) {\n  .gallery-shortcode.gallery-masonry-shortcode-id-8bbe210685a58f609f743da67fa3ff50.resize-by-browser-width .dt-css-grid {\n    grid-template-columns: repeat(3,1fr);\n  }\n  .cssgridlegacy.no-cssgrid .gallery-shortcode.gallery-masonry-shortcode-id-8bbe210685a58f609f743da67fa3ff50.resize-by-browser-width .dt-css-grid .wf-cell,\n  .no-cssgridlegacy.no-cssgrid .gallery-shortcode.gallery-masonry-shortcode-id-8bbe210685a58f609f743da67fa3ff50.resize-by-browser-width .dt-css-grid .wf-cell {\n    width: 33.333333333333%;\n  }\n  .cssgridlegacy.no-cssgrid .gallery-shortcode.gallery-masonry-shortcode-id-8bbe210685a58f609f743da67fa3ff50.resize-by-browser-width .dt-css-grid .wf-cell.double-width,\n  .no-cssgridlegacy.no-cssgrid .gallery-shortcode.gallery-masonry-shortcode-id-8bbe210685a58f609f743da67fa3ff50.resize-by-browser-width .dt-css-grid .wf-cell.double-width {\n    width: calc(33.333333333333%)*2;\n  }\n}\n@media screen and (max-width: 767px) {\n  .gallery-shortcode.gallery-masonry-shortcode-id-8bbe210685a58f609f743da67fa3ff50.resize-by-browser-width .dt-css-grid {\n    grid-template-columns: repeat(2,1fr);\n  }\n  .cssgridlegacy.no-cssgrid .gallery-shortcode.gallery-masonry-shortcode-id-8bbe210685a58f609f743da67fa3ff50.resize-by-browser-width .dt-css-grid .wf-cell,\n  .no-cssgridlegacy.no-cssgrid .gallery-shortcode.gallery-masonry-shortcode-id-8bbe210685a58f609f743da67fa3ff50.resize-by-browser-width .dt-css-grid .wf-cell {\n    width: 50%;\n  }\n  .cssgridlegacy.no-cssgrid .gallery-shortcode.gallery-masonry-shortcode-id-8bbe210685a58f609f743da67fa3ff50.resize-by-browser-width .dt-css-grid .wf-cell.double-width,\n  .no-cssgridlegacy.no-cssgrid .gallery-shortcode.gallery-masonry-shortcode-id-8bbe210685a58f609f743da67fa3ff50.resize-by-browser-width .dt-css-grid .wf-cell.double-width {\n    width: calc(50%)*2;\n  }\n}\n<\/style><div class=\"gallery-shortcode dt-gallery-container gallery-masonry-shortcode-id-8bbe210685a58f609f743da67fa3ff50 mode-masonry jquery-filter dt-icon-bg-off quick-scale-img enable-bg-rollover resize-by-browser-width  hover-fade loading-effect-none description-on-hover\" data-padding=\"5px\" data-cur-page=\"1\" data-post-limit=\"-1\" data-pagination-mode=\"none\" data-desktop-columns-num=\"6\" data-v-tablet-columns-num=\"3\" data-h-tablet-columns-num=\"4\" data-phone-columns-num=\"2\" data-width=\"0px\" data-columns=\"0\"><div class=\"iso-container\" ><\/div><!-- iso-container|iso-grid --><\/div>[\/vc_column][\/vc_row][vc_row][vc_column][\/vc_column][\/vc_row][vc_row][vc_column][vc_btn title=&#8221;Fale com nossos especialistas!&#8221; color=&#8221;primary&#8221; size=&#8221;lg&#8221; align=&#8221;center&#8221; css_animation=&#8221;bounceInDown&#8221; link=&#8221;url:https%3A%2F%2Fwa.me%2F5511983524181&#8243; css=&#8221;.vc_custom_1756249790920{margin-top: 25px !important;}&#8221;][\/vc_column][\/vc_row]<\/p>\n","protected":false},"excerpt":{"rendered":"<p>[vc_row css=&#8221;.vc_custom_1560793098479{padding-bottom: 50px !important;}&#8221;][vc_column][\/vc_column][\/vc_row][vc_row][vc_column][vc_column_text][\/vc_column_text][vc_empty_space][\/vc_column][\/vc_row][vc_row css=&#8221;.vc_custom_1560787254950{padding-bottom: 40px !important;}&#8221;][vc_column width=&#8221;1\/2&#8243;][\/vc_column][vc_column width=&#8221;1\/2&#8243;][\/vc_column][\/vc_row][vc_row bg_type=&#8221;image&#8221; parallax_style=&#8221;vcpb-vz-jquery&#8221; bg_image_new=&#8221;id^1350|url^https:\/\/nunesgestao.com.br\/novo\/wp-content\/uploads\/2018\/12\/t-img047.jpg|caption^null|alt^null|title^t-img047|description^null&#8221; bg_override=&#8221;ex-full&#8221; fadeout_row=&#8221;fadeout_row_value&#8221; fadeout_start_effect=&#8221;30&#8243; enable_overlay=&#8221;enable_overlay_value&#8221; overlay_color=&#8221;rgba(38,45,55,0.5)&#8221; seperator_enable=&#8221;seperator_enable_value&#8221; seperator_type=&#8221;tilt_left_seperator&#8221; seperator_position=&#8221;top_bottom_seperator&#8221; seperator_svg_height=&#8221;100&#8243;][vc_column css=&#8221;.vc_custom_1560418610056{padding-top: 150px !important;padding-bottom: 150px !important;}&#8221; offset=&#8221;vc_col-lg-offset-2 vc_col-lg-8&#8243;][\/vc_column][\/vc_row][vc_row][vc_column][vc_single_image image=&#8221;2374&#8243; img_size=&#8221;800&#215;800&#8243; alignment=&#8221;center&#8221;][\/vc_column][\/vc_row][vc_row][vc_column][\/vc_column][\/vc_row][vc_row][vc_column][\/vc_column][\/vc_row][vc_row][vc_column][vc_btn title=&#8221;Fale com nossos especialistas!&#8221; color=&#8221;primary&#8221; size=&#8221;lg&#8221; align=&#8221;center&#8221; css_animation=&#8221;bounceInDown&#8221; link=&#8221;url:https%3A%2F%2Fwa.me%2F5511983524181&#8243; css=&#8221;.vc_custom_1756249790920{margin-top: 25px !important;}&#8221;][\/vc_column][\/vc_row]<\/p>\n","protected":false},"author":1,"featured_media":0,"parent":0,"menu_order":10,"comment_status":"closed","ping_status":"closed","template":"","meta":{"om_disable_all_campaigns":false,"footnotes":""},"class_list":["post-247","page","type-page","status-publish","hentry","description-off"],"_links":{"self":[{"href":"https:\/\/nunesgestao.com.br\/novo\/wp-json\/wp\/v2\/pages\/247","targetHints":{"allow":["GET"]}}],"collection":[{"href":"https:\/\/nunesgestao.com.br\/novo\/wp-json\/wp\/v2\/pages"}],"about":[{"href":"https:\/\/nunesgestao.com.br\/novo\/wp-json\/wp\/v2\/types\/page"}],"author":[{"embeddable":true,"href":"https:\/\/nunesgestao.com.br\/novo\/wp-json\/wp\/v2\/users\/1"}],"replies":[{"embeddable":true,"href":"https:\/\/nunesgestao.com.br\/novo\/wp-json\/wp\/v2\/comments?post=247"}],"version-history":[{"count":32,"href":"https:\/\/nunesgestao.com.br\/novo\/wp-json\/wp\/v2\/pages\/247\/revisions"}],"predecessor-version":[{"id":2435,"href":"https:\/\/nunesgestao.com.br\/novo\/wp-json\/wp\/v2\/pages\/247\/revisions\/2435"}],"wp:attachment":[{"href":"https:\/\/nunesgestao.com.br\/novo\/wp-json\/wp\/v2\/media?parent=247"}],"curies":[{"name":"wp","href":"https:\/\/api.w.org\/{rel}","templated":true}]}}